{"id":1117,"date":"2022-03-23T08:25:25","date_gmt":"2022-03-23T08:25:25","guid":{"rendered":"https:\/\/staging-nicktesting.kinsta.cloud\/travel\/?page_id=1117"},"modified":"2024-07-09T22:19:05","modified_gmt":"2024-07-09T22:19:05","slug":"contact","status":"publish","type":"page","link":"https:\/\/nikedogsstation.cz\/?page_id=1117","title":{"rendered":"Contact"},"content":{"rendered":"\t\t<div data-elementor-type=\"wp-page\" data-elementor-id=\"1117\" class=\"elementor elementor-1117\">\n\t\t\t\t\t\t<section class=\"elementor-section elementor-top-section elementor-element elementor-element-0cc8dd8 elementor-section-boxed elementor-section-height-default elementor-section-height-default\" data-id=\"0cc8dd8\" data-element_type=\"section\">\n\t\t\t\t\t\t<div class=\"elementor-container elementor-column-gap-wide\">\n\t\t\t\t\t<div class=\"elementor-column elementor-col-50 elementor-top-column elementor-element elementor-element-6248b64\" data-id=\"6248b64\" data-element_type=\"column\">\n\t\t\t<div class=\"elementor-widget-wrap elementor-element-populated\">\n\t\t\t\t\t\t<div class=\"elementor-element elementor-element-fae5e32 elementor-widget elementor-widget-heading\" data-id=\"fae5e32\" data-element_type=\"widget\" data-widget_type=\"heading.default\">\n\t\t\t\t<div class=\"elementor-widget-container\">\n\t\t\t<style>\/*! elementor - v3.22.0 - 26-06-2024 *\/\n.elementor-heading-title{padding:0;margin:0;line-height:1}.elementor-widget-heading .elementor-heading-title[class*=elementor-size-]>a{color:inherit;font-size:inherit;line-height:inherit}.elementor-widget-heading .elementor-heading-title.elementor-size-small{font-size:15px}.elementor-widget-heading .elementor-heading-title.elementor-size-medium{font-size:19px}.elementor-widget-heading .elementor-heading-title.elementor-size-large{font-size:29px}.elementor-widget-heading .elementor-heading-title.elementor-size-xl{font-size:39px}.elementor-widget-heading .elementor-heading-title.elementor-size-xxl{font-size:59px}<\/style><h2 class=\"elementor-heading-title elementor-size-default\">Nev\u00e1hejte n\u00e1s kontaktovat<\/h2>\t\t<\/div>\n\t\t\t\t<\/div>\n\t\t\t\t<div class=\"elementor-element elementor-element-33481f5 elementor-widget elementor-widget-text-editor\" data-id=\"33481f5\" data-element_type=\"widget\" data-widget_type=\"text-editor.default\">\n\t\t\t\t<div class=\"elementor-widget-container\">\n\t\t\t<style>\/*! elementor - v3.22.0 - 26-06-2024 *\/\n.elementor-widget-text-editor.elementor-drop-cap-view-stacked .elementor-drop-cap{background-color:#69727d;color:#fff}.elementor-widget-text-editor.elementor-drop-cap-view-framed .elementor-drop-cap{color:#69727d;border:3px solid;background-color:transparent}.elementor-widget-text-editor:not(.elementor-drop-cap-view-default) .elementor-drop-cap{margin-top:8px}.elementor-widget-text-editor:not(.elementor-drop-cap-view-default) .elementor-drop-cap-letter{width:1em;height:1em}.elementor-widget-text-editor .elementor-drop-cap{float:left;text-align:center;line-height:1;font-size:50px}.elementor-widget-text-editor .elementor-drop-cap-letter{display:inline-block}<\/style>\t\t\t\t<p><\/p>\n<p>Email :&nbsp;<a href=\"mailto:kodrlovanikol@seznam.cz\" style=\"color: rgb(34, 113, 177); transition: none 0s ease 0s; outline: 0px; overflow-wrap: break-word; font-family: -apple-system, BlinkMacSystemFont, &quot;Segoe UI&quot;, Roboto, Oxygen-Sans, Ubuntu, Cantarell, &quot;Helvetica Neue&quot;, sans-serif; font-size: 13px; background-color: rgb(246, 247, 247);\">kodrlovanikol@seznam.cz<\/a><\/p>\n<p><\/p>\t\t\t\t\t\t<\/div>\n\t\t\t\t<\/div>\n\t\t\t\t<div class=\"elementor-element elementor-element-61b90b9 elementor-widget elementor-widget-wpforms\" data-id=\"61b90b9\" data-element_type=\"widget\" data-widget_type=\"wpforms.default\">\n\t\t\t\t<div class=\"elementor-widget-container\">\n\t\t\t<style id=\"wpforms-css-vars-root\">\n\t\t\t\t:root {\n\t\t\t\t\t--wpforms-field-border-radius: 3px;\n--wpforms-field-border-style: solid;\n--wpforms-field-border-size: 1px;\n--wpforms-field-background-color: #ffffff;\n--wpforms-field-border-color: rgba( 0, 0, 0, 0.25 );\n--wpforms-field-border-color-spare: rgba( 0, 0, 0, 0.25 );\n--wpforms-field-text-color: rgba( 0, 0, 0, 0.7 );\n--wpforms-field-menu-color: #ffffff;\n--wpforms-label-color: rgba( 0, 0, 0, 0.85 );\n--wpforms-label-sublabel-color: rgba( 0, 0, 0, 0.55 );\n--wpforms-label-error-color: #d63637;\n--wpforms-button-border-radius: 3px;\n--wpforms-button-border-style: none;\n--wpforms-button-border-size: 1px;\n--wpforms-button-background-color: #066aab;\n--wpforms-button-border-color: #066aab;\n--wpforms-button-text-color: #ffffff;\n--wpforms-page-break-color: #066aab;\n--wpforms-background-image: none;\n--wpforms-background-position: center center;\n--wpforms-background-repeat: no-repeat;\n--wpforms-background-size: cover;\n--wpforms-background-width: 100px;\n--wpforms-background-height: 100px;\n--wpforms-background-color: rgba( 0, 0, 0, 0 );\n--wpforms-background-url: none;\n--wpforms-container-padding: 0px;\n--wpforms-container-border-style: none;\n--wpforms-container-border-width: 1px;\n--wpforms-container-border-color: #000000;\n--wpforms-container-border-radius: 3px;\n--wpforms-field-size-input-height: 43px;\n--wpforms-field-size-input-spacing: 15px;\n--wpforms-field-size-font-size: 16px;\n--wpforms-field-size-line-height: 19px;\n--wpforms-field-size-padding-h: 14px;\n--wpforms-field-size-checkbox-size: 16px;\n--wpforms-field-size-sublabel-spacing: 5px;\n--wpforms-field-size-icon-size: 1;\n--wpforms-label-size-font-size: 16px;\n--wpforms-label-size-line-height: 19px;\n--wpforms-label-size-sublabel-font-size: 14px;\n--wpforms-label-size-sublabel-line-height: 17px;\n--wpforms-button-size-font-size: 17px;\n--wpforms-button-size-height: 41px;\n--wpforms-button-size-padding-h: 15px;\n--wpforms-button-size-margin-top: 10px;\n--wpforms-container-shadow-size-box-shadow: none;\n\n\t\t\t\t}\n\t\t\t<\/style><style id=\"wpforms-css-vars-elementor-widget-61b90b9\">\n\t\t\t\t.elementor-widget-wpforms.elementor-element-61b90b9 {\n\t\t\t\t\t--wpforms-field-size-input-height: 43px;\n--wpforms-field-size-input-spacing: 15px;\n--wpforms-field-size-font-size: 16px;\n--wpforms-field-size-line-height: 19px;\n--wpforms-field-size-padding-h: 14px;\n--wpforms-field-size-checkbox-size: 16px;\n--wpforms-field-size-sublabel-spacing: 5px;\n--wpforms-field-size-icon-size: 1;\n--wpforms-label-size-font-size: 16px;\n--wpforms-label-size-line-height: 19px;\n--wpforms-label-size-sublabel-font-size: 14px;\n--wpforms-label-size-sublabel-line-height: 17px;\n--wpforms-button-size-font-size: 17px;\n--wpforms-button-size-height: 41px;\n--wpforms-button-size-padding-h: 15px;\n--wpforms-button-size-margin-top: 10px;\n\n\t\t\t\t}\n\t\t\t<\/style><div class=\"wpforms-container wpforms-container-full wpforms-render-modern\" id=\"wpforms-1969\"><form id=\"wpforms-form-1969\" class=\"wpforms-validate wpforms-form wpforms-ajax-form\" data-formid=\"1969\" method=\"post\" enctype=\"multipart\/form-data\" action=\"\/index.php?rest_route=%2Fwp%2Fv2%2Fpages%2F1117\" data-token=\"6ca1905a7cda5e189f7dd66de77b5fcb\" data-token-time=\"1776226899\"><noscript class=\"wpforms-error-noscript\">Chcete-li vyplnit tento formul\u00e1\u0159, pros\u00edm povolte v prohl\u00ed\u017ee\u010di JavaScript.<\/noscript><div class=\"wpforms-hidden\" id=\"wpforms-error-noscript\">Chcete-li vyplnit tento formul\u00e1\u0159, pros\u00edm povolte v prohl\u00ed\u017ee\u010di JavaScript.<\/div><div class=\"wpforms-field-container\"><div id=\"wpforms-1969-field_0-container\" class=\"wpforms-field wpforms-field-name\" data-field-id=\"0\"><fieldset><legend class=\"wpforms-field-label\">Jm\u00e9no <span class=\"wpforms-required-label\" aria-hidden=\"true\">*<\/span><\/legend><div class=\"wpforms-field-row wpforms-field-medium\"><div class=\"wpforms-field-row-block wpforms-first wpforms-one-half\"><input type=\"text\" id=\"wpforms-1969-field_0\" class=\"wpforms-field-name-first wpforms-field-required\" name=\"wpforms[fields][0][first]\" aria-errormessage=\"wpforms-1969-field_0-error\" required><label for=\"wpforms-1969-field_0\" class=\"wpforms-field-sublabel after\">K\u0159estn\u00ed jm\u00e9no<\/label><\/div><div class=\"wpforms-field-row-block wpforms-one-half\"><input type=\"text\" id=\"wpforms-1969-field_0-last\" class=\"wpforms-field-name-last wpforms-field-required\" name=\"wpforms[fields][0][last]\" aria-errormessage=\"wpforms-1969-field_0-last-error\" required><label for=\"wpforms-1969-field_0-last\" class=\"wpforms-field-sublabel after\">P\u0159\u00edjmen\u00ed<\/label><\/div><\/div><\/fieldset><\/div><div id=\"wpforms-1969-field_1-container\" class=\"wpforms-field wpforms-field-email\" data-field-id=\"1\"><label class=\"wpforms-field-label\" for=\"wpforms-1969-field_1\">E-mail <span class=\"wpforms-required-label\" aria-hidden=\"true\">*<\/span><\/label><input type=\"email\" id=\"wpforms-1969-field_1\" class=\"wpforms-field-medium wpforms-field-required\" name=\"wpforms[fields][1]\" spellcheck=\"false\" aria-errormessage=\"wpforms-1969-field_1-error\" required><\/div><div id=\"wpforms-1969-field_2-container\" class=\"wpforms-field wpforms-field-textarea\" data-field-id=\"2\"><label class=\"wpforms-field-label\" for=\"wpforms-1969-field_2\">Koment\u00e1\u0159 nebo zpr\u00e1va<\/label><textarea id=\"wpforms-1969-field_2\" class=\"wpforms-field-medium\" name=\"wpforms[fields][2]\" aria-errormessage=\"wpforms-1969-field_2-error\" ><\/textarea><\/div><\/div><!-- .wpforms-field-container --><div class=\"wpforms-submit-container\" ><input type=\"hidden\" name=\"wpforms[id]\" value=\"1969\"><input type=\"hidden\" name=\"page_title\" value=\"\"><input type=\"hidden\" name=\"page_url\" value=\"https:\/\/nikedogsstation.cz\/index.php?rest_route=%2Fwp%2Fv2%2Fpages%2F1117\"><button type=\"submit\" name=\"wpforms[submit]\" id=\"wpforms-submit-1969\" class=\"wpforms-submit\" data-alt-text=\"Odes\u00edl\u00e1ni...\" data-submit-text=\"Odeslat\" aria-live=\"assertive\" value=\"wpforms-submit\">Odeslat<\/button><img decoding=\"async\" src=\"https:\/\/nikedogsstation.cz\/wp-content\/plugins\/wpforms-lite\/assets\/images\/submit-spin.svg\" class=\"wpforms-submit-spinner\" style=\"display: none;\" width=\"26\" height=\"26\" alt=\"Na\u010d\u00edt\u00e1n\u00ed\"><\/div><\/form><\/div>  <!-- .wpforms-container -->\t\t<\/div>\n\t\t\t\t<\/div>\n\t\t\t\t\t<\/div>\n\t\t<\/div>\n\t\t\t\t<div class=\"elementor-column elementor-col-50 elementor-top-column elementor-element elementor-element-0747561\" data-id=\"0747561\" data-element_type=\"column\">\n\t\t\t<div class=\"elementor-widget-wrap elementor-element-populated\">\n\t\t\t\t\t\t<div class=\"elementor-element elementor-element-1090b65 elementor-widget elementor-widget-image\" data-id=\"1090b65\" data-element_type=\"widget\" data-widget_type=\"image.default\">\n\t\t\t\t<div class=\"elementor-widget-container\">\n\t\t\t<style>\/*! elementor - v3.22.0 - 26-06-2024 *\/\n.elementor-widget-image{text-align:center}.elementor-widget-image a{display:inline-block}.elementor-widget-image a img[src$=\".svg\"]{width:48px}.elementor-widget-image img{vertical-align:middle;display:inline-block}<\/style>\t\t\t\t\t\t\t\t\t\t<img fetchpriority=\"high\" decoding=\"async\" width=\"600\" height=\"361\" src=\"https:\/\/nikedogsstation.cz\/wp-content\/uploads\/2024\/07\/cropped-transparent-black-1.png\" class=\"attachment-large size-large wp-image-1815\" alt=\"\" srcset=\"https:\/\/nikedogsstation.cz\/wp-content\/uploads\/2024\/07\/cropped-transparent-black-1.png 600w, https:\/\/nikedogsstation.cz\/wp-content\/uploads\/2024\/07\/cropped-transparent-black-1-300x181.png 300w\" sizes=\"(max-width: 600px) 100vw, 600px\" \/>\t\t\t\t\t\t\t\t\t\t\t\t\t<\/div>\n\t\t\t\t<\/div>\n\t\t\t\t\t<\/div>\n\t\t<\/div>\n\t\t\t\t\t<\/div>\n\t\t<\/section>\n\t\t\t\t<\/div>\n\t\t","protected":false},"excerpt":{"rendered":"<p>Nev\u00e1hejte n\u00e1s kontaktovat Email :&nbsp;kodrlovanikol@seznam.cz Chcete-li vyplnit tento formul\u00e1\u0159, pros\u00edm povolte v prohl\u00ed\u017ee\u010di JavaScript.Chcete-li vyplnit tento formul\u00e1\u0159, pros\u00edm povolte v prohl\u00ed\u017ee\u010di JavaScript. Jm\u00e9no * K\u0159estn\u00ed jm\u00e9noP\u0159\u00edjmen\u00ed E-mail *Koment\u00e1\u0159 nebo zpr\u00e1va Odeslat<\/p>\n","protected":false},"author":1,"featured_media":0,"parent":0,"menu_order":0,"comment_status":"closed","ping_status":"closed","template":"elementor_canvas","meta":{"footnotes":""},"class_list":["post-1117","page","type-page","status-publish","hentry"],"yoast_head":"<!-- This site is optimized with the Yoast SEO plugin v23.0 - https:\/\/yoast.com\/wordpress\/plugins\/seo\/ -->\n<title>Contact - Nikedogsstation.cz<\/title>\n<meta name=\"robots\" content=\"index, follow, max-snippet:-1, max-image-preview:large, max-video-preview:-1\" \/>\n<link rel=\"canonical\" href=\"https:\/\/nikedogsstation.cz\/?page_id=1117\" \/>\n<meta property=\"og:locale\" content=\"cs_CZ\" \/>\n<meta property=\"og:type\" content=\"article\" \/>\n<meta property=\"og:title\" content=\"Contact - Nikedogsstation.cz\" \/>\n<meta property=\"og:description\" content=\"Nev\u00e1hejte n\u00e1s kontaktovat Email :&nbsp;kodrlovanikol@seznam.cz Chcete-li vyplnit tento formul\u00e1\u0159, pros\u00edm povolte v prohl\u00ed\u017ee\u010di JavaScript.Chcete-li vyplnit tento formul\u00e1\u0159, pros\u00edm povolte v prohl\u00ed\u017ee\u010di JavaScript. Jm\u00e9no * K\u0159estn\u00ed jm\u00e9noP\u0159\u00edjmen\u00ed E-mail *Koment\u00e1\u0159 nebo zpr\u00e1va Odeslat\" \/>\n<meta property=\"og:url\" content=\"https:\/\/nikedogsstation.cz\/?page_id=1117\" \/>\n<meta property=\"og:site_name\" content=\"Nikedogsstation.cz\" \/>\n<meta property=\"article:modified_time\" content=\"2024-07-09T22:19:05+00:00\" \/>\n<meta property=\"og:image\" content=\"https:\/\/nikedogsstation.cz\/wp-content\/plugins\/wpforms-lite\/assets\/images\/submit-spin.svg\" \/>\n<meta name=\"twitter:card\" content=\"summary_large_image\" \/>\n<meta name=\"twitter:label1\" content=\"Odhadovan\u00e1 doba \u010dten\u00ed\" \/>\n\t<meta name=\"twitter:data1\" content=\"1 minuta\" \/>\n<script type=\"application\/ld+json\" class=\"yoast-schema-graph\">{\"@context\":\"https:\/\/schema.org\",\"@graph\":[{\"@type\":\"WebPage\",\"@id\":\"https:\/\/nikedogsstation.cz\/?page_id=1117\",\"url\":\"https:\/\/nikedogsstation.cz\/?page_id=1117\",\"name\":\"Contact - Nikedogsstation.cz\",\"isPartOf\":{\"@id\":\"https:\/\/nikedogsstation.cz\/#website\"},\"primaryImageOfPage\":{\"@id\":\"https:\/\/nikedogsstation.cz\/?page_id=1117#primaryimage\"},\"image\":{\"@id\":\"https:\/\/nikedogsstation.cz\/?page_id=1117#primaryimage\"},\"thumbnailUrl\":\"https:\/\/nikedogsstation.cz\/wp-content\/plugins\/wpforms-lite\/assets\/images\/submit-spin.svg\",\"datePublished\":\"2022-03-23T08:25:25+00:00\",\"dateModified\":\"2024-07-09T22:19:05+00:00\",\"breadcrumb\":{\"@id\":\"https:\/\/nikedogsstation.cz\/?page_id=1117#breadcrumb\"},\"inLanguage\":\"cs\",\"potentialAction\":[{\"@type\":\"ReadAction\",\"target\":[\"https:\/\/nikedogsstation.cz\/?page_id=1117\"]}]},{\"@type\":\"ImageObject\",\"inLanguage\":\"cs\",\"@id\":\"https:\/\/nikedogsstation.cz\/?page_id=1117#primaryimage\",\"url\":\"https:\/\/nikedogsstation.cz\/wp-content\/plugins\/wpforms-lite\/assets\/images\/submit-spin.svg\",\"contentUrl\":\"https:\/\/nikedogsstation.cz\/wp-content\/plugins\/wpforms-lite\/assets\/images\/submit-spin.svg\"},{\"@type\":\"BreadcrumbList\",\"@id\":\"https:\/\/nikedogsstation.cz\/?page_id=1117#breadcrumb\",\"itemListElement\":[{\"@type\":\"ListItem\",\"position\":1,\"name\":\"Dom\u016f\",\"item\":\"https:\/\/nikedogsstation.cz\/\"},{\"@type\":\"ListItem\",\"position\":2,\"name\":\"Contact\"}]},{\"@type\":\"WebSite\",\"@id\":\"https:\/\/nikedogsstation.cz\/#website\",\"url\":\"https:\/\/nikedogsstation.cz\/\",\"name\":\"Nikedogsstation.cz\",\"description\":\"\",\"publisher\":{\"@id\":\"https:\/\/nikedogsstation.cz\/#organization\"},\"potentialAction\":[{\"@type\":\"SearchAction\",\"target\":{\"@type\":\"EntryPoint\",\"urlTemplate\":\"https:\/\/nikedogsstation.cz\/?s={search_term_string}\"},\"query-input\":\"required name=search_term_string\"}],\"inLanguage\":\"cs\"},{\"@type\":\"Organization\",\"@id\":\"https:\/\/nikedogsstation.cz\/#organization\",\"name\":\"Nikedogsstation.cz\",\"url\":\"https:\/\/nikedogsstation.cz\/\",\"logo\":{\"@type\":\"ImageObject\",\"inLanguage\":\"cs\",\"@id\":\"https:\/\/nikedogsstation.cz\/#\/schema\/logo\/image\/\",\"url\":\"https:\/\/nikedogsstation.cz\/wp-content\/uploads\/2024\/07\/cropped-transparent-black-1.png\",\"contentUrl\":\"https:\/\/nikedogsstation.cz\/wp-content\/uploads\/2024\/07\/cropped-transparent-black-1.png\",\"width\":600,\"height\":361,\"caption\":\"Nikedogsstation.cz\"},\"image\":{\"@id\":\"https:\/\/nikedogsstation.cz\/#\/schema\/logo\/image\/\"}}]}<\/script>\n<!-- \/ Yoast SEO plugin. -->","yoast_head_json":{"title":"Contact - Nikedogsstation.cz","robots":{"index":"index","follow":"follow","max-snippet":"max-snippet:-1","max-image-preview":"max-image-preview:large","max-video-preview":"max-video-preview:-1"},"canonical":"https:\/\/nikedogsstation.cz\/?page_id=1117","og_locale":"cs_CZ","og_type":"article","og_title":"Contact - Nikedogsstation.cz","og_description":"Nev\u00e1hejte n\u00e1s kontaktovat Email :&nbsp;kodrlovanikol@seznam.cz Chcete-li vyplnit tento formul\u00e1\u0159, pros\u00edm povolte v prohl\u00ed\u017ee\u010di JavaScript.Chcete-li vyplnit tento formul\u00e1\u0159, pros\u00edm povolte v prohl\u00ed\u017ee\u010di JavaScript. Jm\u00e9no * K\u0159estn\u00ed jm\u00e9noP\u0159\u00edjmen\u00ed E-mail *Koment\u00e1\u0159 nebo zpr\u00e1va Odeslat","og_url":"https:\/\/nikedogsstation.cz\/?page_id=1117","og_site_name":"Nikedogsstation.cz","article_modified_time":"2024-07-09T22:19:05+00:00","og_image":[{"url":"https:\/\/nikedogsstation.cz\/wp-content\/plugins\/wpforms-lite\/assets\/images\/submit-spin.svg"}],"twitter_card":"summary_large_image","twitter_misc":{"Odhadovan\u00e1 doba \u010dten\u00ed":"1 minuta"},"schema":{"@context":"https:\/\/schema.org","@graph":[{"@type":"WebPage","@id":"https:\/\/nikedogsstation.cz\/?page_id=1117","url":"https:\/\/nikedogsstation.cz\/?page_id=1117","name":"Contact - Nikedogsstation.cz","isPartOf":{"@id":"https:\/\/nikedogsstation.cz\/#website"},"primaryImageOfPage":{"@id":"https:\/\/nikedogsstation.cz\/?page_id=1117#primaryimage"},"image":{"@id":"https:\/\/nikedogsstation.cz\/?page_id=1117#primaryimage"},"thumbnailUrl":"https:\/\/nikedogsstation.cz\/wp-content\/plugins\/wpforms-lite\/assets\/images\/submit-spin.svg","datePublished":"2022-03-23T08:25:25+00:00","dateModified":"2024-07-09T22:19:05+00:00","breadcrumb":{"@id":"https:\/\/nikedogsstation.cz\/?page_id=1117#breadcrumb"},"inLanguage":"cs","potentialAction":[{"@type":"ReadAction","target":["https:\/\/nikedogsstation.cz\/?page_id=1117"]}]},{"@type":"ImageObject","inLanguage":"cs","@id":"https:\/\/nikedogsstation.cz\/?page_id=1117#primaryimage","url":"https:\/\/nikedogsstation.cz\/wp-content\/plugins\/wpforms-lite\/assets\/images\/submit-spin.svg","contentUrl":"https:\/\/nikedogsstation.cz\/wp-content\/plugins\/wpforms-lite\/assets\/images\/submit-spin.svg"},{"@type":"BreadcrumbList","@id":"https:\/\/nikedogsstation.cz\/?page_id=1117#breadcrumb","itemListElement":[{"@type":"ListItem","position":1,"name":"Dom\u016f","item":"https:\/\/nikedogsstation.cz\/"},{"@type":"ListItem","position":2,"name":"Contact"}]},{"@type":"WebSite","@id":"https:\/\/nikedogsstation.cz\/#website","url":"https:\/\/nikedogsstation.cz\/","name":"Nikedogsstation.cz","description":"","publisher":{"@id":"https:\/\/nikedogsstation.cz\/#organization"},"potentialAction":[{"@type":"SearchAction","target":{"@type":"EntryPoint","urlTemplate":"https:\/\/nikedogsstation.cz\/?s={search_term_string}"},"query-input":"required name=search_term_string"}],"inLanguage":"cs"},{"@type":"Organization","@id":"https:\/\/nikedogsstation.cz\/#organization","name":"Nikedogsstation.cz","url":"https:\/\/nikedogsstation.cz\/","logo":{"@type":"ImageObject","inLanguage":"cs","@id":"https:\/\/nikedogsstation.cz\/#\/schema\/logo\/image\/","url":"https:\/\/nikedogsstation.cz\/wp-content\/uploads\/2024\/07\/cropped-transparent-black-1.png","contentUrl":"https:\/\/nikedogsstation.cz\/wp-content\/uploads\/2024\/07\/cropped-transparent-black-1.png","width":600,"height":361,"caption":"Nikedogsstation.cz"},"image":{"@id":"https:\/\/nikedogsstation.cz\/#\/schema\/logo\/image\/"}}]}},"_links":{"self":[{"href":"https:\/\/nikedogsstation.cz\/index.php?rest_route=\/wp\/v2\/pages\/1117","targetHints":{"allow":["GET"]}}],"collection":[{"href":"https:\/\/nikedogsstation.cz\/index.php?rest_route=\/wp\/v2\/pages"}],"about":[{"href":"https:\/\/nikedogsstation.cz\/index.php?rest_route=\/wp\/v2\/types\/page"}],"author":[{"embeddable":true,"href":"https:\/\/nikedogsstation.cz\/index.php?rest_route=\/wp\/v2\/users\/1"}],"replies":[{"embeddable":true,"href":"https:\/\/nikedogsstation.cz\/index.php?rest_route=%2Fwp%2Fv2%2Fcomments&post=1117"}],"version-history":[{"count":10,"href":"https:\/\/nikedogsstation.cz\/index.php?rest_route=\/wp\/v2\/pages\/1117\/revisions"}],"predecessor-version":[{"id":2008,"href":"https:\/\/nikedogsstation.cz\/index.php?rest_route=\/wp\/v2\/pages\/1117\/revisions\/2008"}],"wp:attachment":[{"href":"https:\/\/nikedogsstation.cz\/index.php?rest_route=%2Fwp%2Fv2%2Fmedia&parent=1117"}],"curies":[{"name":"wp","href":"https:\/\/api.w.org\/{rel}","templated":true}]}}